{"id":1999,"date":"2020-05-05T20:16:17","date_gmt":"2020-05-05T19:16:17","guid":{"rendered":"https:\/\/naturtherapies.com\/intuicion-compasion-consciencia"},"modified":"2025-06-14T11:39:40","modified_gmt":"2025-06-14T10:39:40","slug":"intuicion-compasion-consciencia","status":"publish","type":"page","link":"https:\/\/naturtherapies.com\/es\/intuicion-compasion-consciencia\/","title":{"rendered":"INTUICI\u00d3N, COMPASI\u00d3N  CONSCIENCIA"},"content":{"rendered":"<div class=\"wpb-content-wrapper\"><p>[vc_row css_animation=\u00bb\u00bb row_type=\u00bbrow\u00bb use_row_as_full_screen_section=\u00bbno\u00bb type=\u00bbfull_width\u00bb angled_section=\u00bbno\u00bb text_align=\u00bbleft\u00bb background_image_as_pattern=\u00bbwithout_pattern\u00bb][vc_column][vc_empty_space height=\u00bb15px\u00bb][vc_column_text]<\/p>\n<h5><strong>INTUICI\u00d3N, COMPASI\u00d3N  CONSCIENCIA<\/strong><\/h5>\n<p> El misterio de la sanaci\u00f3n, las tradiciones esot\u00e9ricas y los secretos del Reiki. \u00a1Descubre d\u00f3nde se unen la psicolog\u00eda transpersonal, la f\u00edsica cu\u00e1ntica y las antiguas tradiciones esot\u00e9ricas![\/vc_column_text][vc_empty_space height=\u00bb25px\u00bb][vc_column_text]<strong>Educaci\u00f3n sobre intuici\u00f3n, compasi\u00f3n y conciencia<\/strong><span style=\"font-weight: 400;\"> es un viaje a las ense\u00f1anzas orales secretas de las tradiciones orientales y occidentales, relacionadas con la psicolog\u00eda transpersonal, la sanaci\u00f3n, el Esp\u00edritu y la esencia misma de la realidad. <\/span><span style=\"font-weight: 400;\">Esta tradici\u00f3n oral secreta tambi\u00e9n es una puerta de entrada a la magia sagrada y al conocimiento antiguo y no revelado que se ha transmitido de iniciados a adeptos durante miles de a\u00f1os.<\/span><\/p>\n<p><span style=\"font-weight: 400;\">El programa educativo Intuici\u00f3n, Compasi\u00f3n y Conciencia tambi\u00e9n trata sobre la percepci\u00f3n de la realidad tal como es y no como creemos que es. Se trata de un viaje a la conciencia y al conocimiento, a la magia antigua y a la sanaci\u00f3n puestas en una perspectiva alineada. En \u00e9l, la psicolog\u00eda transpersonal, el pensamiento m\u00edstico y m\u00e1gico tao\u00edsta y budista se unen para beneficiar a todos los seres sintientes. G   <\/span><span style=\"font-weight: 400;\">anar\u00e1s una forma completamente nueva de entender la realidad de una enfermedad, mir\u00e1ndola desde una perspectiva psicol\u00f3gica y descubriendo<\/span><span style=\"font-weight: 400;\"> los secretos de la medicina interdimensional, el sufrimiento entr\u00f3pico y el enfoque compasivo. <\/span>&nbsp;<span style=\"font-weight: 400;\">El programa consiste en 3 m\u00f3dulos:<\/span><\/p>\n<ul>\n<li><span style=\"font-weight: 400;\">ICC 1 (parte A Iniciaci\u00f3n, parte B Introducci\u00f3n a la Magia Antigua)<\/span><span style=\"font-weight: 400;\"> <\/span><\/li>\n<li><span style=\"font-weight: 400;\">ICC 2 (parte A Magia Sagrada, parte B Disolviendo el Espacio y el Tiempo)<\/span><\/li>\n<li><span style=\"font-weight: 400;\">ICC 3 (parte A Autodominio, parte B Maestr\u00eda)<\/span><\/li>\n<\/ul>\n<p><span style=\"font-weight: 400;\"><br \/>\n<\/span><span style=\"font-weight: 400;\">Cada taller comienza con un antiguo ritual de iniciaci\u00f3n<\/span><span style=\"font-weight: 400;\"> en la Tradici\u00f3n Esot\u00e9rica con un empoderamiento en la curaci\u00f3n intuitiva, siguiendo su antiguo procedimiento central junto con una sintonizaci\u00f3n \u00fanica de Reiki, el cual<br \/><\/span><span style=\"font-weight: 400;\"> es el resultado de unir las tradiciones esot\u00e9ricas occidentales y la antigua tradici\u00f3n oriental japonesa Mikio dentro de los 8 linajes principales de Reiki. Por lo tanto, ya sea un sanador experimentado, un practicante cham\u00e1nico, un sanador\/maestro de Reiki o alguien sin experiencia en sanaci\u00f3n, encontrar\u00e1 en este empoderamiento una experiencia personal profunda y una poderosa herramienta de sanaci\u00f3n. Este empoderamiento y educaci\u00f3n es el resultado de una vida dedicada a la sanaci\u00f3n y a las tradiciones antiguas.   <\/span>[\/vc_column_text]<div class=\"qode-pl-holder qode-standard-layout qode-large-space qode-two-columns qode-info-on-image  \"  data-type=\"standard\" data-info-position=\"info-on-image\" data-number-of-posts=\"6\" data-number-of-columns=\"2\" data-space-between-items=\"large\" data-show-ordering-filter=\"no\" data-orderby=\"title\" data-order=\"ASC\" data-show-category-filter=\"no\" data-show-all-item-in-filter=\"yes\" data-taxonomy-to-display=\"category\" data-taxonomy-values=\"concious\" data-image-size=\"large\" data-display-title=\"yes\" data-title-tag=\"h4\" data-display-category=\"no\" data-display-excerpt=\"no\" data-excerpt-length=\"20\" data-display-rating=\"yes\" data-display-price=\"yes\" data-holder-classes=\"qode-standard-layout qode-large-space qode-two-columns qode-info-on-image  \" data-class-name=\"pli\">\n\t                        <div class=\"qode-prl-loading\">\n            <span class=\"qode-prl-loading-msg\">Loading...<\/span>\n        <\/div>\n        <div class=\"qode-pl-outer\">\n            <div class=\"qode-pli qode-large-size product type-product post-2035 status-publish first instock product_cat-consciente has-post-thumbnail purchasable product-type-simple\">\n\t<div class=\"qode-pli-inner\">\n\t\t<div class=\"qode-pli-image\">\n\t\t\t\n\n<img loading=\"lazy\" decoding=\"async\" width=\"720\" height=\"480\" src=\"https:\/\/naturtherapies.com\/wp-content\/uploads\/2026\/01\/icc-1a-es.jpg\" class=\"attachment-large size-large wp-post-image\" alt=\"\" srcset=\"https:\/\/naturtherapies.com\/wp-content\/uploads\/2026\/01\/icc-1a-es.jpg 720w, https:\/\/naturtherapies.com\/wp-content\/uploads\/2026\/01\/icc-1a-es-300x200.jpg 300w, https:\/\/naturtherapies.com\/wp-content\/uploads\/2026\/01\/icc-1a-es-700x467.jpg 700w\" sizes=\"auto, (max-width: 720px) 100vw, 720px\" \/>\t\t<\/div>\n\t\t<div class=\"qode-pli-text\">\n\t\t\t<div class=\"qode-pli-text-outer\">\n\t\t\t\t<div class=\"qode-pli-text-inner\">\n\t\t\t\t\t    <h4 itemprop=\"name\" class=\"entry-title qode-pli-title\" >\n\t\t<a itemprop=\"url\" href=\"https:\/\/naturtherapies.com\/es\/product\/comprar-modulo-1a\/\">COMPRAR M\u00f3dulo 1A<\/a>\n\t<\/h4>\n\t\t\t\t\t\n\t\t\t\t\t\t\t\t\t\t\n\t\t\t\t\t\t\t\t\t\t\n\t\t\t\t\t\t\n\t<div class=\"qode-pli-rating-holder\">\n\t\t<div class=\"qode-pli-rating\" title=\"Rated %s out of 5\">\n\t\t\t<span style=\"width: 0%\"><\/span>\n\t\t<\/div>\n\t<\/div>\n\t\t\t\t\t\n\t\t\t\t\t\t<div class=\"qode-pli-price\"><span class=\"woocommerce-Price-amount amount\"><bdi>500,00<span class=\"woocommerce-Price-currencySymbol\">&euro;<\/span><\/bdi><\/span><\/div>\n\n\t\t\t\t<\/div>\n\t\t\t<\/div>\n\t\t<\/div>\n\t\t<a class=\"qode-pli-link\" itemprop=\"url\" href=\"https:\/\/naturtherapies.com\/es\/product\/comprar-modulo-1a\/\" title=\"COMPRAR M\u00f3dulo 1A\"><\/a>\n\t<\/div>\n<\/div><div class=\"qode-pli qode-large-size product type-product post-2027 status-publish instock product_cat-consciente has-post-thumbnail purchasable product-type-simple\">\n\t<div class=\"qode-pli-inner\">\n\t\t<div class=\"qode-pli-image\">\n\t\t\t\n\n<img loading=\"lazy\" decoding=\"async\" width=\"720\" height=\"480\" src=\"https:\/\/naturtherapies.com\/wp-content\/uploads\/2026\/01\/icc-1b-es.jpg\" class=\"attachment-large size-large wp-post-image\" alt=\"\" srcset=\"https:\/\/naturtherapies.com\/wp-content\/uploads\/2026\/01\/icc-1b-es.jpg 720w, https:\/\/naturtherapies.com\/wp-content\/uploads\/2026\/01\/icc-1b-es-300x200.jpg 300w, https:\/\/naturtherapies.com\/wp-content\/uploads\/2026\/01\/icc-1b-es-700x467.jpg 700w\" sizes=\"auto, (max-width: 720px) 100vw, 720px\" \/>\t\t<\/div>\n\t\t<div class=\"qode-pli-text\">\n\t\t\t<div class=\"qode-pli-text-outer\">\n\t\t\t\t<div class=\"qode-pli-text-inner\">\n\t\t\t\t\t    <h4 itemprop=\"name\" class=\"entry-title qode-pli-title\" >\n\t\t<a itemprop=\"url\" href=\"https:\/\/naturtherapies.com\/es\/product\/comprar-modulo-1b\/\">COMPRAR M\u00f3dulo 1B<\/a>\n\t<\/h4>\n\t\t\t\t\t\n\t\t\t\t\t\t\t\t\t\t\n\t\t\t\t\t\t\t\t\t\t\n\t\t\t\t\t\t\n\t<div class=\"qode-pli-rating-holder\">\n\t\t<div class=\"qode-pli-rating\" title=\"Rated %s out of 5\">\n\t\t\t<span style=\"width: 0%\"><\/span>\n\t\t<\/div>\n\t<\/div>\n\t\t\t\t\t\n\t\t\t\t\t\t<div class=\"qode-pli-price\"><span class=\"woocommerce-Price-amount amount\"><bdi>500,00<span class=\"woocommerce-Price-currencySymbol\">&euro;<\/span><\/bdi><\/span><\/div>\n\n\t\t\t\t<\/div>\n\t\t\t<\/div>\n\t\t<\/div>\n\t\t<a class=\"qode-pli-link\" itemprop=\"url\" href=\"https:\/\/naturtherapies.com\/es\/product\/comprar-modulo-1b\/\" title=\"COMPRAR M\u00f3dulo 1B\"><\/a>\n\t<\/div>\n<\/div><div class=\"qode-pli qode-large-size product type-product post-2033 status-publish instock product_cat-consciente has-post-thumbnail purchasable product-type-simple\">\n\t<div class=\"qode-pli-inner\">\n\t\t<div class=\"qode-pli-image\">\n\t\t\t\n\n<img loading=\"lazy\" decoding=\"async\" width=\"720\" height=\"480\" src=\"https:\/\/naturtherapies.com\/wp-content\/uploads\/2026\/01\/icc-2a-es.jpg\" class=\"attachment-large size-large wp-post-image\" alt=\"\" srcset=\"https:\/\/naturtherapies.com\/wp-content\/uploads\/2026\/01\/icc-2a-es.jpg 720w, https:\/\/naturtherapies.com\/wp-content\/uploads\/2026\/01\/icc-2a-es-300x200.jpg 300w, https:\/\/naturtherapies.com\/wp-content\/uploads\/2026\/01\/icc-2a-es-700x467.jpg 700w\" sizes=\"auto, (max-width: 720px) 100vw, 720px\" \/>\t\t<\/div>\n\t\t<div class=\"qode-pli-text\">\n\t\t\t<div class=\"qode-pli-text-outer\">\n\t\t\t\t<div class=\"qode-pli-text-inner\">\n\t\t\t\t\t    <h4 itemprop=\"name\" class=\"entry-title qode-pli-title\" >\n\t\t<a itemprop=\"url\" href=\"https:\/\/naturtherapies.com\/es\/product\/comprar-modulo-2a\/\">COMPRAR M\u00f3dulo 2A<\/a>\n\t<\/h4>\n\t\t\t\t\t\n\t\t\t\t\t\t\t\t\t\t\n\t\t\t\t\t\t\t\t\t\t\n\t\t\t\t\t\t\n\t<div class=\"qode-pli-rating-holder\">\n\t\t<div class=\"qode-pli-rating\" title=\"Rated %s out of 5\">\n\t\t\t<span style=\"width: 0%\"><\/span>\n\t\t<\/div>\n\t<\/div>\n\t\t\t\t\t\n\t\t\t\t\t\t<div class=\"qode-pli-price\"><span class=\"woocommerce-Price-amount amount\"><bdi>500,00<span class=\"woocommerce-Price-currencySymbol\">&euro;<\/span><\/bdi><\/span><\/div>\n\n\t\t\t\t<\/div>\n\t\t\t<\/div>\n\t\t<\/div>\n\t\t<a class=\"qode-pli-link\" itemprop=\"url\" href=\"https:\/\/naturtherapies.com\/es\/product\/comprar-modulo-2a\/\" title=\"COMPRAR M\u00f3dulo 2A\"><\/a>\n\t<\/div>\n<\/div><div class=\"qode-pli qode-large-size product type-product post-2026 status-publish last instock product_cat-consciente has-post-thumbnail purchasable product-type-simple\">\n\t<div class=\"qode-pli-inner\">\n\t\t<div class=\"qode-pli-image\">\n\t\t\t\n\n<img loading=\"lazy\" decoding=\"async\" width=\"720\" height=\"480\" src=\"https:\/\/naturtherapies.com\/wp-content\/uploads\/2026\/01\/icc-2b-es.jpg\" class=\"attachment-large size-large wp-post-image\" alt=\"\" srcset=\"https:\/\/naturtherapies.com\/wp-content\/uploads\/2026\/01\/icc-2b-es.jpg 720w, https:\/\/naturtherapies.com\/wp-content\/uploads\/2026\/01\/icc-2b-es-300x200.jpg 300w, https:\/\/naturtherapies.com\/wp-content\/uploads\/2026\/01\/icc-2b-es-700x467.jpg 700w\" sizes=\"auto, (max-width: 720px) 100vw, 720px\" \/>\t\t<\/div>\n\t\t<div class=\"qode-pli-text\">\n\t\t\t<div class=\"qode-pli-text-outer\">\n\t\t\t\t<div class=\"qode-pli-text-inner\">\n\t\t\t\t\t    <h4 itemprop=\"name\" class=\"entry-title qode-pli-title\" >\n\t\t<a itemprop=\"url\" href=\"https:\/\/naturtherapies.com\/es\/product\/comprar-modulo-2b\/\">COMPRAR M\u00f3dulo 2B<\/a>\n\t<\/h4>\n\t\t\t\t\t\n\t\t\t\t\t\t\t\t\t\t\n\t\t\t\t\t\t\t\t\t\t\n\t\t\t\t\t\t\n\t<div class=\"qode-pli-rating-holder\">\n\t\t<div class=\"qode-pli-rating\" title=\"Rated %s out of 5\">\n\t\t\t<span style=\"width: 0%\"><\/span>\n\t\t<\/div>\n\t<\/div>\n\t\t\t\t\t\n\t\t\t\t\t\t<div class=\"qode-pli-price\"><span class=\"woocommerce-Price-amount amount\"><bdi>500,00<span class=\"woocommerce-Price-currencySymbol\">&euro;<\/span><\/bdi><\/span><\/div>\n\n\t\t\t\t<\/div>\n\t\t\t<\/div>\n\t\t<\/div>\n\t\t<a class=\"qode-pli-link\" itemprop=\"url\" href=\"https:\/\/naturtherapies.com\/es\/product\/comprar-modulo-2b\/\" title=\"COMPRAR M\u00f3dulo 2B\"><\/a>\n\t<\/div>\n<\/div><div class=\"qode-pli qode-large-size product type-product post-2019 status-publish first instock product_cat-consciente has-post-thumbnail purchasable product-type-simple\">\n\t<div class=\"qode-pli-inner\">\n\t\t<div class=\"qode-pli-image\">\n\t\t\t\n\n<img loading=\"lazy\" decoding=\"async\" width=\"720\" height=\"480\" src=\"https:\/\/naturtherapies.com\/wp-content\/uploads\/2026\/01\/icc-3a-es.jpg\" class=\"attachment-large size-large wp-post-image\" alt=\"\" srcset=\"https:\/\/naturtherapies.com\/wp-content\/uploads\/2026\/01\/icc-3a-es.jpg 720w, https:\/\/naturtherapies.com\/wp-content\/uploads\/2026\/01\/icc-3a-es-300x200.jpg 300w, https:\/\/naturtherapies.com\/wp-content\/uploads\/2026\/01\/icc-3a-es-700x467.jpg 700w\" sizes=\"auto, (max-width: 720px) 100vw, 720px\" \/>\t\t<\/div>\n\t\t<div class=\"qode-pli-text\">\n\t\t\t<div class=\"qode-pli-text-outer\">\n\t\t\t\t<div class=\"qode-pli-text-inner\">\n\t\t\t\t\t    <h4 itemprop=\"name\" class=\"entry-title qode-pli-title\" >\n\t\t<a itemprop=\"url\" href=\"https:\/\/naturtherapies.com\/es\/product\/comprar-modulo-3a\/\">COMPRAR M\u00f3dulo 3A<\/a>\n\t<\/h4>\n\t\t\t\t\t\n\t\t\t\t\t\t\t\t\t\t\n\t\t\t\t\t\t\t\t\t\t\n\t\t\t\t\t\t\n\t<div class=\"qode-pli-rating-holder\">\n\t\t<div class=\"qode-pli-rating\" title=\"Rated %s out of 5\">\n\t\t\t<span style=\"width: 0%\"><\/span>\n\t\t<\/div>\n\t<\/div>\n\t\t\t\t\t\n\t\t\t\t\t\t<div class=\"qode-pli-price\"><span class=\"woocommerce-Price-amount amount\"><bdi>1.500,00<span class=\"woocommerce-Price-currencySymbol\">&euro;<\/span><\/bdi><\/span><\/div>\n\n\t\t\t\t<\/div>\n\t\t\t<\/div>\n\t\t<\/div>\n\t\t<a class=\"qode-pli-link\" itemprop=\"url\" href=\"https:\/\/naturtherapies.com\/es\/product\/comprar-modulo-3a\/\" title=\"COMPRAR M\u00f3dulo 3A\"><\/a>\n\t<\/div>\n<\/div><div class=\"qode-pli qode-woo-image-normal-width qode-large-size product type-product post-2018 status-publish instock product_cat-consciente has-post-thumbnail purchasable product-type-simple\">\n\t<div class=\"qode-pli-inner\">\n\t\t<div class=\"qode-pli-image\">\n\t\t\t\n\n<img loading=\"lazy\" decoding=\"async\" width=\"720\" height=\"480\" src=\"https:\/\/naturtherapies.com\/wp-content\/uploads\/2026\/01\/icc-3b-es-1.jpg\" class=\"attachment-large size-large wp-post-image\" alt=\"\" srcset=\"https:\/\/naturtherapies.com\/wp-content\/uploads\/2026\/01\/icc-3b-es-1.jpg 720w, https:\/\/naturtherapies.com\/wp-content\/uploads\/2026\/01\/icc-3b-es-1-300x200.jpg 300w, https:\/\/naturtherapies.com\/wp-content\/uploads\/2026\/01\/icc-3b-es-1-700x467.jpg 700w\" sizes=\"auto, (max-width: 720px) 100vw, 720px\" \/>\t\t<\/div>\n\t\t<div class=\"qode-pli-text\">\n\t\t\t<div class=\"qode-pli-text-outer\">\n\t\t\t\t<div class=\"qode-pli-text-inner\">\n\t\t\t\t\t    <h4 itemprop=\"name\" class=\"entry-title qode-pli-title\" >\n\t\t<a itemprop=\"url\" href=\"https:\/\/naturtherapies.com\/es\/product\/comprar-modulo-3b\/\">COMPRAR M\u00f3dulo 3B<\/a>\n\t<\/h4>\n\t\t\t\t\t\n\t\t\t\t\t\t\t\t\t\t\n\t\t\t\t\t\t\t\t\t\t\n\t\t\t\t\t\t\n\t<div class=\"qode-pli-rating-holder\">\n\t\t<div class=\"qode-pli-rating\" title=\"Rated %s out of 5\">\n\t\t\t<span style=\"width: 0%\"><\/span>\n\t\t<\/div>\n\t<\/div>\n\t\t\t\t\t\n\t\t\t\t\t\t<div class=\"qode-pli-price\"><span class=\"woocommerce-Price-amount amount\"><bdi>1.500,00<span class=\"woocommerce-Price-currencySymbol\">&euro;<\/span><\/bdi><\/span><\/div>\n\n\t\t\t\t<\/div>\n\t\t\t<\/div>\n\t\t<\/div>\n\t\t<a class=\"qode-pli-link\" itemprop=\"url\" href=\"https:\/\/naturtherapies.com\/es\/product\/comprar-modulo-3b\/\" title=\"COMPRAR M\u00f3dulo 3B\"><\/a>\n\t<\/div>\n<\/div>        <\/div>\n    <\/div>[vc_empty_space height=\u00bb15px\u00bb][\/vc_column][\/vc_row]<\/p>\n<\/div>","protected":false},"excerpt":{"rendered":"<p>[vc_row css_animation=\u00bb\u00bb row_type=\u00bbrow\u00bb use_row_as_full_screen_section=\u00bbno\u00bb type=\u00bbfull_width\u00bb angled_section=\u00bbno\u00bb text_align=\u00bbleft\u00bb background_image_as_pattern=\u00bbwithout_pattern\u00bb][vc_column][vc_empty_space height=\u00bb15px\u00bb][vc_column_text] INTUICI\u00d3N, COMPASI\u00d3N CONSCIENCIA El misterio de la sanaci\u00f3n, las tradiciones esot\u00e9ricas y los secretos del Reiki. \u00a1Descubre d\u00f3nde se unen la psicolog\u00eda transpersonal, la f\u00edsica cu\u00e1ntica y las antiguas tradiciones esot\u00e9ricas![\/vc_column_text][vc_empty_space height=\u00bb25px\u00bb][vc_column_text]Educaci\u00f3n sobre intuici\u00f3n, compasi\u00f3n y&#8230;<\/p>\n","protected":false},"author":1,"featured_media":0,"parent":0,"menu_order":0,"comment_status":"closed","ping_status":"closed","template":"","meta":{"give_campaign_id":0,"_joinchat":[],"footnotes":""},"class_list":["post-1999","page","type-page","status-publish","hentry"],"yoast_head":"<!-- This site is optimized with the Yoast SEO plugin v26.9 - https:\/\/yoast.com\/product\/yoast-seo-wordpress\/ -->\n<title>INTUICI\u00d3N, COMPASI\u00d3N CONSCIENCIA - Naturtherapies<\/title>\n<meta name=\"robots\" content=\"index, follow, max-snippet:-1, max-image-preview:large, max-video-preview:-1\" \/>\n<link rel=\"canonical\" href=\"https:\/\/naturtherapies.com\/es\/intuicion-compasion-consciencia\/\" \/>\n<meta property=\"og:locale\" content=\"es_ES\" \/>\n<meta property=\"og:type\" content=\"article\" \/>\n<meta property=\"og:title\" content=\"INTUICI\u00d3N, COMPASI\u00d3N CONSCIENCIA - Naturtherapies\" \/>\n<meta property=\"og:description\" content=\"[vc_row css_animation=\u00bb\u00bb row_type=\u00bbrow\u00bb use_row_as_full_screen_section=\u00bbno\u00bb type=\u00bbfull_width\u00bb angled_section=\u00bbno\u00bb text_align=\u00bbleft\u00bb background_image_as_pattern=\u00bbwithout_pattern\u00bb][vc_column][vc_empty_space height=\u00bb15px\u00bb][vc_column_text] INTUICI\u00d3N, COMPASI\u00d3N CONSCIENCIA El misterio de la sanaci\u00f3n, las tradiciones esot\u00e9ricas y los secretos del Reiki. \u00a1Descubre d\u00f3nde se unen la psicolog\u00eda transpersonal, la f\u00edsica cu\u00e1ntica y las antiguas tradiciones esot\u00e9ricas![\/vc_column_text][vc_empty_space height=\u00bb25px\u00bb][vc_column_text]Educaci\u00f3n sobre intuici\u00f3n, compasi\u00f3n y...\" \/>\n<meta property=\"og:url\" content=\"https:\/\/naturtherapies.com\/es\/intuicion-compasion-consciencia\/\" \/>\n<meta property=\"og:site_name\" content=\"Naturtherapies\" \/>\n<meta property=\"article:publisher\" content=\"https:\/\/www.facebook.com\/people\/Jos-D-Figueroa-Garcia-Estonia\/100081915895475\/\" \/>\n<meta property=\"article:modified_time\" content=\"2025-06-14T10:39:40+00:00\" \/>\n<meta name=\"twitter:card\" content=\"summary_large_image\" \/>\n<meta name=\"twitter:label1\" content=\"Tiempo de lectura\" \/>\n\t<meta name=\"twitter:data1\" content=\"2 minutos\" \/>\n<script type=\"application\/ld+json\" class=\"yoast-schema-graph\">{\"@context\":\"https:\/\/schema.org\",\"@graph\":[{\"@type\":\"WebPage\",\"@id\":\"https:\/\/naturtherapies.com\/es\/intuicion-compasion-consciencia\/\",\"url\":\"https:\/\/naturtherapies.com\/es\/intuicion-compasion-consciencia\/\",\"name\":\"INTUICI\u00d3N, COMPASI\u00d3N CONSCIENCIA - Naturtherapies\",\"isPartOf\":{\"@id\":\"https:\/\/naturtherapies.com\/es\/#website\"},\"datePublished\":\"2020-05-05T19:16:17+00:00\",\"dateModified\":\"2025-06-14T10:39:40+00:00\",\"breadcrumb\":{\"@id\":\"https:\/\/naturtherapies.com\/es\/intuicion-compasion-consciencia\/#breadcrumb\"},\"inLanguage\":\"es\",\"potentialAction\":[{\"@type\":\"ReadAction\",\"target\":[\"https:\/\/naturtherapies.com\/es\/intuicion-compasion-consciencia\/\"]}]},{\"@type\":\"BreadcrumbList\",\"@id\":\"https:\/\/naturtherapies.com\/es\/intuicion-compasion-consciencia\/#breadcrumb\",\"itemListElement\":[{\"@type\":\"ListItem\",\"position\":1,\"name\":\"Portada\",\"item\":\"https:\/\/naturtherapies.com\/es\/inicio\/\"},{\"@type\":\"ListItem\",\"position\":2,\"name\":\"INTUICI\u00d3N, COMPASI\u00d3N CONSCIENCIA\"}]},{\"@type\":\"WebSite\",\"@id\":\"https:\/\/naturtherapies.com\/es\/#website\",\"url\":\"https:\/\/naturtherapies.com\/es\/\",\"name\":\"NATURTHERAPIES\",\"description\":\"\",\"potentialAction\":[{\"@type\":\"SearchAction\",\"target\":{\"@type\":\"EntryPoint\",\"urlTemplate\":\"https:\/\/naturtherapies.com\/es\/?s={search_term_string}\"},\"query-input\":{\"@type\":\"PropertyValueSpecification\",\"valueRequired\":true,\"valueName\":\"search_term_string\"}}],\"inLanguage\":\"es\"}]}<\/script>\n<!-- \/ Yoast SEO plugin. -->","yoast_head_json":{"title":"INTUICI\u00d3N, COMPASI\u00d3N CONSCIENCIA - Naturtherapies","robots":{"index":"index","follow":"follow","max-snippet":"max-snippet:-1","max-image-preview":"max-image-preview:large","max-video-preview":"max-video-preview:-1"},"canonical":"https:\/\/naturtherapies.com\/es\/intuicion-compasion-consciencia\/","og_locale":"es_ES","og_type":"article","og_title":"INTUICI\u00d3N, COMPASI\u00d3N CONSCIENCIA - Naturtherapies","og_description":"[vc_row css_animation=\u00bb\u00bb row_type=\u00bbrow\u00bb use_row_as_full_screen_section=\u00bbno\u00bb type=\u00bbfull_width\u00bb angled_section=\u00bbno\u00bb text_align=\u00bbleft\u00bb background_image_as_pattern=\u00bbwithout_pattern\u00bb][vc_column][vc_empty_space height=\u00bb15px\u00bb][vc_column_text] INTUICI\u00d3N, COMPASI\u00d3N CONSCIENCIA El misterio de la sanaci\u00f3n, las tradiciones esot\u00e9ricas y los secretos del Reiki. \u00a1Descubre d\u00f3nde se unen la psicolog\u00eda transpersonal, la f\u00edsica cu\u00e1ntica y las antiguas tradiciones esot\u00e9ricas![\/vc_column_text][vc_empty_space height=\u00bb25px\u00bb][vc_column_text]Educaci\u00f3n sobre intuici\u00f3n, compasi\u00f3n y...","og_url":"https:\/\/naturtherapies.com\/es\/intuicion-compasion-consciencia\/","og_site_name":"Naturtherapies","article_publisher":"https:\/\/www.facebook.com\/people\/Jos-D-Figueroa-Garcia-Estonia\/100081915895475\/","article_modified_time":"2025-06-14T10:39:40+00:00","twitter_card":"summary_large_image","twitter_misc":{"Tiempo de lectura":"2 minutos"},"schema":{"@context":"https:\/\/schema.org","@graph":[{"@type":"WebPage","@id":"https:\/\/naturtherapies.com\/es\/intuicion-compasion-consciencia\/","url":"https:\/\/naturtherapies.com\/es\/intuicion-compasion-consciencia\/","name":"INTUICI\u00d3N, COMPASI\u00d3N CONSCIENCIA - Naturtherapies","isPartOf":{"@id":"https:\/\/naturtherapies.com\/es\/#website"},"datePublished":"2020-05-05T19:16:17+00:00","dateModified":"2025-06-14T10:39:40+00:00","breadcrumb":{"@id":"https:\/\/naturtherapies.com\/es\/intuicion-compasion-consciencia\/#breadcrumb"},"inLanguage":"es","potentialAction":[{"@type":"ReadAction","target":["https:\/\/naturtherapies.com\/es\/intuicion-compasion-consciencia\/"]}]},{"@type":"BreadcrumbList","@id":"https:\/\/naturtherapies.com\/es\/intuicion-compasion-consciencia\/#breadcrumb","itemListElement":[{"@type":"ListItem","position":1,"name":"Portada","item":"https:\/\/naturtherapies.com\/es\/inicio\/"},{"@type":"ListItem","position":2,"name":"INTUICI\u00d3N, COMPASI\u00d3N CONSCIENCIA"}]},{"@type":"WebSite","@id":"https:\/\/naturtherapies.com\/es\/#website","url":"https:\/\/naturtherapies.com\/es\/","name":"NATURTHERAPIES","description":"","potentialAction":[{"@type":"SearchAction","target":{"@type":"EntryPoint","urlTemplate":"https:\/\/naturtherapies.com\/es\/?s={search_term_string}"},"query-input":{"@type":"PropertyValueSpecification","valueRequired":true,"valueName":"search_term_string"}}],"inLanguage":"es"}]}},"campaignId":"","_links":{"self":[{"href":"https:\/\/naturtherapies.com\/es\/wp-json\/wp\/v2\/pages\/1999","targetHints":{"allow":["GET"]}}],"collection":[{"href":"https:\/\/naturtherapies.com\/es\/wp-json\/wp\/v2\/pages"}],"about":[{"href":"https:\/\/naturtherapies.com\/es\/wp-json\/wp\/v2\/types\/page"}],"author":[{"embeddable":true,"href":"https:\/\/naturtherapies.com\/es\/wp-json\/wp\/v2\/users\/1"}],"replies":[{"embeddable":true,"href":"https:\/\/naturtherapies.com\/es\/wp-json\/wp\/v2\/comments?post=1999"}],"version-history":[{"count":4,"href":"https:\/\/naturtherapies.com\/es\/wp-json\/wp\/v2\/pages\/1999\/revisions"}],"predecessor-version":[{"id":2746,"href":"https:\/\/naturtherapies.com\/es\/wp-json\/wp\/v2\/pages\/1999\/revisions\/2746"}],"wp:attachment":[{"href":"https:\/\/naturtherapies.com\/es\/wp-json\/wp\/v2\/media?parent=1999"}],"curies":[{"name":"wp","href":"https:\/\/api.w.org\/{rel}","templated":true}]}}