{"id":2266,"date":"2024-09-07T12:39:40","date_gmt":"2024-09-07T11:39:40","guid":{"rendered":"https:\/\/naturtherapies.com\/talleres\/"},"modified":"2026-01-13T17:30:01","modified_gmt":"2026-01-13T17:30:01","slug":"talleres","status":"publish","type":"page","link":"https:\/\/naturtherapies.com\/es\/talleres\/","title":{"rendered":"Talleres"},"content":{"rendered":"<div class=\"wpb-content-wrapper\"><p>[vc_row css_animation=\u00bb\u00bb row_type=\u00bbrow\u00bb use_row_as_full_screen_section=\u00bbno\u00bb type=\u00bbfull_width\u00bb angled_section=\u00bbno\u00bb text_align=\u00bbleft\u00bb background_image_as_pattern=\u00bbwithout_pattern\u00bb][vc_column width=\u00bb1\/2&#8243;][vc_single_image image=\u00bb2703&#8243; img_size=\u00bblarge\u00bb alignment=\u00bbcenter\u00bb style=\u00bbvc_box_rounded\u00bb css=\u00bb\u00bb qode_css_animation=\u00bb\u00bb qode_hover_animation=\u00bbzoom_in\u00bb][\/vc_column][vc_column width=\u00bb1\/2&#8243;][vc_column_text css=\u00bb\u00bb]\u00bfTe gustar\u00eda sumergirte en las <strong>tradiciones ancestrales, la sanaci\u00f3n energ\u00e9tica y la medicina natural<\/strong> en cursos, lecciones y talleres individualizados online o de manera presencial en Tenerife, Islas Canarias (alojamiento disponible) y\/o recibir tratamientos personalizados de sanaci\u00f3n energ\u00e9tica y medicina natural de manera regular?<br \/>\n<strong>\u00a1Ahora puedes!<\/strong><\/p>\n<p>Aprende Tradiciones ancestrales y esot\u00e9ricas para incrementar tu nivel de consciencia, sanar tu vida y convertirte o reforzarte como sanador energ\u00e9tico.<\/p>\n<p>Aprende online o presencialmente ( alojamiento disponible ) de manera individual los cursos de:<\/p>\n<ul>\n<li><strong>Intuici\u00f3n Compasi\u00f3n y Consciencia<\/strong> , tradiciones ancestrales y secretos de <strong>Reiki <\/strong>, recibiendo los diplomas acreditativos correspondientes.<\/li>\n<li><strong>Lecciones de alma, patrones karmicos y flores de Bach <\/strong>, recibiendo los <strong>diplomas acreditativos <\/strong>correspondientes.<\/li>\n<li><strong>Talleres personalizados<\/strong> en tradici\u00f3n esot\u00e9rica ancestral en multitud de temas y de contenido exclusivo.<\/li>\n<\/ul>\n<p>&nbsp;<\/p>\n<p><strong>Ponte en contacto conmigo por whatsapp sin compromiso y veamos como puedo asistirte en tu camino!<\/strong>[\/vc_column_text]<div class=\"qode-image-with-icon-and-text\">\n    <div class=\"qode-iwiat-image-icon-holder\" >\n\t\t\t\t\t<div class=\"qode-iwiat-image\">\n\t\t\t\t<img decoding=\"async\" src=\"https:\/\/naturtherapies.com\/wp-content\/uploads\/2025\/06\/teide.jpg\" alt=\"\"\/>\n\t\t\t<\/div>\n\t\t\t\t<div class=\"qode-iwiat-icon-holder\">\n                            <span class=\"qodef-iwiat-custom-icon\">\n\t\t\t\t\t<img loading=\"lazy\" decoding=\"async\" width=\"100\" height=\"100\" src=\"https:\/\/naturtherapies.com\/wp-content\/uploads\/2025\/06\/tenerife-1.png\" class=\"attachment-full size-full\" alt=\"\" \/>\t\t\t\t<\/span>\n            \t\t<\/div>\n\t<\/div>\n\t\t\t\t<p class=\"qode-iwiat-text\">\n\t\t\tPuedes visitar Tenerife y disfrutar de su magia y naturaleza como parte de tu aprendizaje si decides hacer alguna parte del mismo de manera presencial\t\t<\/p>\n\t<\/div>[\/vc_column][\/vc_row][vc_row css_animation=\u00bb\u00bb row_type=\u00bbrow\u00bb use_row_as_full_screen_section=\u00bbno\u00bb type=\u00bbfull_width\u00bb angled_section=\u00bbno\u00bb text_align=\u00bbleft\u00bb background_image_as_pattern=\u00bbwithout_pattern\u00bb css=\u00bb.vc_custom_1749889350011{margin-top: 30px !important;margin-bottom: 30px !important;}\u00bb z_index=\u00bb\u00bb][vc_column][vc_column_text css=\u00bb\u00bb]<\/p>\n<h1 style=\"text-align: center;\">Nuestros Programas de Ense\u00f1anza<\/h1>\n<p>[\/vc_column_text][\/vc_column][\/vc_row][vc_row css_animation=\u00bb\u00bb row_type=\u00bbrow\u00bb use_row_as_full_screen_section=\u00bbno\u00bb type=\u00bbfull_width\u00bb angled_section=\u00bbno\u00bb text_align=\u00bbleft\u00bb background_image_as_pattern=\u00bbwithout_pattern\u00bb z_index=\u00bb\u00bb][vc_column][vc_row_inner row_type=\u00bbrow\u00bb type=\u00bbfull_width\u00bb text_align=\u00bbleft\u00bb css_animation=\u00bb\u00bb][vc_column_inner width=\u00bb1\/2&#8243;][vc_empty_space height=\u00bb15px\u00bb][vc_column_text css=\u00bb\u00bb]<\/p>\n<h6 style=\"text-align: center;\"><strong><br \/>\nINTUICI\u00d3N, COMPASI\u00d3N CONSCIENCIA<\/strong><\/h6>\n<p>[\/vc_column_text][vc_empty_space height=\u00bb35px\u00bb][vc_single_image image=\u00bb2972&#8243; img_size=\u00bb720&#215;480&#8243; alignment=\u00bbcenter\u00bb onclick=\u00bbcustom_link\u00bb css=\u00bb\u00bb qode_css_animation=\u00bb\u00bb link=\u00bbhttps:\/\/naturtherapies.com\/es\/intuicion-compasion-consciencia\/\u00bb][vc_empty_space height=\u00bb15px\u00bb][vc_column_text]<\/p>\n<p style=\"text-align: center;\"><a  itemprop=\"url\" href=\"https:\/\/naturtherapies.com\/es\/intuicion-compasion-consciencia\/\" target=\"_self\" data-hover-background-color=\"#ffffff\" data-hover-border-color=\"#ffffff\" data-hover-color=\"#cac4a7\" class=\"qbutton  default\" style=\"color: #ffffff; border-color: #cac4a7; background-color:#cac4a7;\">Leer M\u00e1s<\/a><\/p>\n<p>[\/vc_column_text][vc_empty_space height=\u00bb15px\u00bb][\/vc_column_inner][vc_column_inner width=\u00bb1\/2&#8243;][vc_empty_space height=\u00bb15px\u00bb][vc_column_text css=\u00bb\u00bb]<\/p>\n<h6 style=\"text-align: center;\"><strong>LECCIONES DEL ALMA, PATRONES K\u00c1RMICOS Y REMEDIOS FLORALES DE BACH<br \/>\n<\/strong><\/h6>\n<p>[\/vc_column_text][vc_empty_space height=\u00bb35px\u00bb][vc_single_image image=\u00bb2955&#8243; img_size=\u00bb720&#215;480&#8243; alignment=\u00bbcenter\u00bb onclick=\u00bbcustom_link\u00bb css=\u00bb\u00bb qode_css_animation=\u00bb\u00bb link=\u00bbhttps:\/\/naturtherapies.com\/es\/lecciones-del-alma\/\u00bb][vc_empty_space height=\u00bb15px\u00bb][vc_column_text]<\/p>\n<p style=\"text-align: center;\"><a  itemprop=\"url\" href=\"https:\/\/naturtherapies.com\/es\/lecciones-del-alma\/\" target=\"_self\" data-hover-background-color=\"#ffffff\" data-hover-border-color=\"#ffffff\" data-hover-color=\"#cac4a7\" class=\"qbutton  default\" style=\"color: #ffffff; border-color: #cac4a7; background-color:#cac4a7;\">Leer M\u00e1s<\/a><\/p>\n<p>[\/vc_column_text][vc_empty_space height=\u00bb15px\u00bb][\/vc_column_inner][\/vc_row_inner][\/vc_column][\/vc_row]<\/p>\n<\/div>","protected":false},"excerpt":{"rendered":"<p>[vc_row css_animation=\u00bb\u00bb row_type=\u00bbrow\u00bb use_row_as_full_screen_section=\u00bbno\u00bb type=\u00bbfull_width\u00bb angled_section=\u00bbno\u00bb text_align=\u00bbleft\u00bb background_image_as_pattern=\u00bbwithout_pattern\u00bb][vc_column width=\u00bb1\/2&#8243;][vc_single_image image=\u00bb2703&#8243; img_size=\u00bblarge\u00bb alignment=\u00bbcenter\u00bb style=\u00bbvc_box_rounded\u00bb css=\u00bb\u00bb qode_css_animation=\u00bb\u00bb qode_hover_animation=\u00bbzoom_in\u00bb][\/vc_column][vc_column width=\u00bb1\/2&#8243;][vc_column_text css=\u00bb\u00bb]\u00bfTe gustar\u00eda sumergirte en las tradiciones ancestrales, la sanaci\u00f3n energ\u00e9tica y la medicina natural en cursos, lecciones y talleres individualizados online o de manera presencial en Tenerife, Islas&#8230;<\/p>\n","protected":false},"author":1,"featured_media":0,"parent":0,"menu_order":0,"comment_status":"closed","ping_status":"closed","template":"","meta":{"give_campaign_id":0,"_joinchat":{"view":"yes"},"footnotes":""},"class_list":["post-2266","page","type-page","status-publish","hentry"],"yoast_head":"<!-- This site is optimized with the Yoast SEO plugin v26.9 - https:\/\/yoast.com\/product\/yoast-seo-wordpress\/ -->\n<title>Talleres - Naturtherapies<\/title>\n<meta name=\"robots\" content=\"index, follow, max-snippet:-1, max-image-preview:large, max-video-preview:-1\" \/>\n<link rel=\"canonical\" href=\"https:\/\/naturtherapies.com\/es\/talleres\/\" \/>\n<meta property=\"og:locale\" content=\"es_ES\" \/>\n<meta property=\"og:type\" content=\"article\" \/>\n<meta property=\"og:title\" content=\"Talleres - Naturtherapies\" \/>\n<meta property=\"og:description\" content=\"[vc_row css_animation=\u00bb\u00bb row_type=\u00bbrow\u00bb use_row_as_full_screen_section=\u00bbno\u00bb type=\u00bbfull_width\u00bb angled_section=\u00bbno\u00bb text_align=\u00bbleft\u00bb background_image_as_pattern=\u00bbwithout_pattern\u00bb][vc_column width=\u00bb1\/2&#8243;][vc_single_image image=\u00bb2703&#8243; img_size=\u00bblarge\u00bb alignment=\u00bbcenter\u00bb style=\u00bbvc_box_rounded\u00bb css=\u00bb\u00bb qode_css_animation=\u00bb\u00bb qode_hover_animation=\u00bbzoom_in\u00bb][\/vc_column][vc_column width=\u00bb1\/2&#8243;][vc_column_text css=\u00bb\u00bb]\u00bfTe gustar\u00eda sumergirte en las tradiciones ancestrales, la sanaci\u00f3n energ\u00e9tica y la medicina natural en cursos, lecciones y talleres individualizados online o de manera presencial en Tenerife, Islas...\" \/>\n<meta property=\"og:url\" content=\"https:\/\/naturtherapies.com\/es\/talleres\/\" \/>\n<meta property=\"og:site_name\" content=\"Naturtherapies\" \/>\n<meta property=\"article:publisher\" content=\"https:\/\/www.facebook.com\/people\/Jos-D-Figueroa-Garcia-Estonia\/100081915895475\/\" \/>\n<meta property=\"article:modified_time\" content=\"2026-01-13T17:30:01+00:00\" \/>\n<meta name=\"twitter:card\" content=\"summary_large_image\" \/>\n<meta name=\"twitter:label1\" content=\"Tiempo de lectura\" \/>\n\t<meta name=\"twitter:data1\" content=\"2 minutos\" \/>\n<script type=\"application\/ld+json\" class=\"yoast-schema-graph\">{\"@context\":\"https:\/\/schema.org\",\"@graph\":[{\"@type\":\"WebPage\",\"@id\":\"https:\/\/naturtherapies.com\/es\/talleres\/\",\"url\":\"https:\/\/naturtherapies.com\/es\/talleres\/\",\"name\":\"Talleres - Naturtherapies\",\"isPartOf\":{\"@id\":\"https:\/\/naturtherapies.com\/es\/#website\"},\"datePublished\":\"2024-09-07T11:39:40+00:00\",\"dateModified\":\"2026-01-13T17:30:01+00:00\",\"breadcrumb\":{\"@id\":\"https:\/\/naturtherapies.com\/es\/talleres\/#breadcrumb\"},\"inLanguage\":\"es\",\"potentialAction\":[{\"@type\":\"ReadAction\",\"target\":[\"https:\/\/naturtherapies.com\/es\/talleres\/\"]}]},{\"@type\":\"BreadcrumbList\",\"@id\":\"https:\/\/naturtherapies.com\/es\/talleres\/#breadcrumb\",\"itemListElement\":[{\"@type\":\"ListItem\",\"position\":1,\"name\":\"Portada\",\"item\":\"https:\/\/naturtherapies.com\/es\/inicio\/\"},{\"@type\":\"ListItem\",\"position\":2,\"name\":\"Talleres\"}]},{\"@type\":\"WebSite\",\"@id\":\"https:\/\/naturtherapies.com\/es\/#website\",\"url\":\"https:\/\/naturtherapies.com\/es\/\",\"name\":\"NATURTHERAPIES\",\"description\":\"\",\"potentialAction\":[{\"@type\":\"SearchAction\",\"target\":{\"@type\":\"EntryPoint\",\"urlTemplate\":\"https:\/\/naturtherapies.com\/es\/?s={search_term_string}\"},\"query-input\":{\"@type\":\"PropertyValueSpecification\",\"valueRequired\":true,\"valueName\":\"search_term_string\"}}],\"inLanguage\":\"es\"}]}<\/script>\n<!-- \/ Yoast SEO plugin. -->","yoast_head_json":{"title":"Talleres - Naturtherapies","robots":{"index":"index","follow":"follow","max-snippet":"max-snippet:-1","max-image-preview":"max-image-preview:large","max-video-preview":"max-video-preview:-1"},"canonical":"https:\/\/naturtherapies.com\/es\/talleres\/","og_locale":"es_ES","og_type":"article","og_title":"Talleres - Naturtherapies","og_description":"[vc_row css_animation=\u00bb\u00bb row_type=\u00bbrow\u00bb use_row_as_full_screen_section=\u00bbno\u00bb type=\u00bbfull_width\u00bb angled_section=\u00bbno\u00bb text_align=\u00bbleft\u00bb background_image_as_pattern=\u00bbwithout_pattern\u00bb][vc_column width=\u00bb1\/2&#8243;][vc_single_image image=\u00bb2703&#8243; img_size=\u00bblarge\u00bb alignment=\u00bbcenter\u00bb style=\u00bbvc_box_rounded\u00bb css=\u00bb\u00bb qode_css_animation=\u00bb\u00bb qode_hover_animation=\u00bbzoom_in\u00bb][\/vc_column][vc_column width=\u00bb1\/2&#8243;][vc_column_text css=\u00bb\u00bb]\u00bfTe gustar\u00eda sumergirte en las tradiciones ancestrales, la sanaci\u00f3n energ\u00e9tica y la medicina natural en cursos, lecciones y talleres individualizados online o de manera presencial en Tenerife, Islas...","og_url":"https:\/\/naturtherapies.com\/es\/talleres\/","og_site_name":"Naturtherapies","article_publisher":"https:\/\/www.facebook.com\/people\/Jos-D-Figueroa-Garcia-Estonia\/100081915895475\/","article_modified_time":"2026-01-13T17:30:01+00:00","twitter_card":"summary_large_image","twitter_misc":{"Tiempo de lectura":"2 minutos"},"schema":{"@context":"https:\/\/schema.org","@graph":[{"@type":"WebPage","@id":"https:\/\/naturtherapies.com\/es\/talleres\/","url":"https:\/\/naturtherapies.com\/es\/talleres\/","name":"Talleres - Naturtherapies","isPartOf":{"@id":"https:\/\/naturtherapies.com\/es\/#website"},"datePublished":"2024-09-07T11:39:40+00:00","dateModified":"2026-01-13T17:30:01+00:00","breadcrumb":{"@id":"https:\/\/naturtherapies.com\/es\/talleres\/#breadcrumb"},"inLanguage":"es","potentialAction":[{"@type":"ReadAction","target":["https:\/\/naturtherapies.com\/es\/talleres\/"]}]},{"@type":"BreadcrumbList","@id":"https:\/\/naturtherapies.com\/es\/talleres\/#breadcrumb","itemListElement":[{"@type":"ListItem","position":1,"name":"Portada","item":"https:\/\/naturtherapies.com\/es\/inicio\/"},{"@type":"ListItem","position":2,"name":"Talleres"}]},{"@type":"WebSite","@id":"https:\/\/naturtherapies.com\/es\/#website","url":"https:\/\/naturtherapies.com\/es\/","name":"NATURTHERAPIES","description":"","potentialAction":[{"@type":"SearchAction","target":{"@type":"EntryPoint","urlTemplate":"https:\/\/naturtherapies.com\/es\/?s={search_term_string}"},"query-input":{"@type":"PropertyValueSpecification","valueRequired":true,"valueName":"search_term_string"}}],"inLanguage":"es"}]}},"campaignId":"","_links":{"self":[{"href":"https:\/\/naturtherapies.com\/es\/wp-json\/wp\/v2\/pages\/2266","targetHints":{"allow":["GET"]}}],"collection":[{"href":"https:\/\/naturtherapies.com\/es\/wp-json\/wp\/v2\/pages"}],"about":[{"href":"https:\/\/naturtherapies.com\/es\/wp-json\/wp\/v2\/types\/page"}],"author":[{"embeddable":true,"href":"https:\/\/naturtherapies.com\/es\/wp-json\/wp\/v2\/users\/1"}],"replies":[{"embeddable":true,"href":"https:\/\/naturtherapies.com\/es\/wp-json\/wp\/v2\/comments?post=2266"}],"version-history":[{"count":12,"href":"https:\/\/naturtherapies.com\/es\/wp-json\/wp\/v2\/pages\/2266\/revisions"}],"predecessor-version":[{"id":2974,"href":"https:\/\/naturtherapies.com\/es\/wp-json\/wp\/v2\/pages\/2266\/revisions\/2974"}],"wp:attachment":[{"href":"https:\/\/naturtherapies.com\/es\/wp-json\/wp\/v2\/media?parent=2266"}],"curies":[{"name":"wp","href":"https:\/\/api.w.org\/{rel}","templated":true}]}}