{"id":2028,"date":"2020-04-18T20:19:56","date_gmt":"2020-04-18T17:19:56","guid":{"rendered":"https:\/\/naturtherapies.com\/producto\/viajes-de-sanacion-y-curacion-intuitivos-y-personalizados"},"modified":"2020-04-18T20:19:56","modified_gmt":"2020-04-18T17:19:56","slug":"viajes-de-sanacion-y-curacion-intuitivos-y-personalizados","status":"publish","type":"product","link":"https:\/\/naturtherapies.com\/es\/product\/viajes-de-sanacion-y-curacion-intuitivos-y-personalizados\/","title":{"rendered":"Viajes de sanaci\u00f3n y curaci\u00f3n intuitivos y personalizados."},"content":{"rendered":"<p>Sanaci\u00f3n intuitiva personalizada y viajes de sanaci\u00f3n, sanaci\u00f3n con sonido, sanaci\u00f3n energ\u00e9tica, canto de mantras y Kototame, incluye coaching del alma. Duraci\u00f3n aproximada: 1 hora 30 minutos. <\/p>\n","protected":false},"excerpt":{"rendered":"<p>El precio se indica a petici\u00f3n. El coste de la terapia var\u00eda seg\u00fan la ubicaci\u00f3n y el m\u00e9todo (en l\u00ednea o en persona). Para obtener un presupuesto y para obtener m\u00e1s informaci\u00f3n y realizar reservas, p\u00f3ngase en contacto con nosotros directamente en: info@naturtherapies.com Mensajer\u00eda SMS\/WhatsApp al +34689383232 Despu\u00e9s de recibir el presupuesto, haga una donaci\u00f3n consciente del importe indicado haciendo clic en \u00abDonar\u00bb a continuaci\u00f3n.  <\/p>\n","protected":false},"featured_media":1872,"template":"","meta":{"give_campaign_id":0,"_joinchat":[]},"product_brand":[],"product_cat":[84],"product_tag":[94],"class_list":{"0":"post-2028","1":"product","2":"type-product","3":"status-publish","4":"has-post-thumbnail","6":"product_cat-therapiesession-es","7":"product_tag-sessionc-es","9":"first","10":"instock","11":"purchasable","12":"product-type-simple"},"yoast_head":"<!-- This site is optimized with the Yoast SEO plugin v26.9 - https:\/\/yoast.com\/product\/yoast-seo-wordpress\/ -->\n<title>Viajes de sanaci\u00f3n y curaci\u00f3n intuitivos y personalizados. - Naturtherapies<\/title>\n<meta name=\"robots\" content=\"index, follow, max-snippet:-1, max-image-preview:large, max-video-preview:-1\" \/>\n<link rel=\"canonical\" href=\"https:\/\/naturtherapies.com\/es\/product\/viajes-de-sanacion-y-curacion-intuitivos-y-personalizados\/\" \/>\n<meta property=\"og:locale\" content=\"es_ES\" \/>\n<meta property=\"og:type\" content=\"article\" \/>\n<meta property=\"og:title\" content=\"Viajes de sanaci\u00f3n y curaci\u00f3n intuitivos y personalizados. - Naturtherapies\" \/>\n<meta property=\"og:description\" content=\"El precio se indica a petici\u00f3n. El coste de la terapia var\u00eda seg\u00fan la ubicaci\u00f3n y el m\u00e9todo (en l\u00ednea o en persona). Para obtener un presupuesto y para obtener m\u00e1s informaci\u00f3n y realizar reservas, p\u00f3ngase en contacto con nosotros directamente en: info@naturtherapies.com Mensajer\u00eda SMS\/WhatsApp al +34689383232 Despu\u00e9s de recibir el presupuesto, haga una donaci\u00f3n consciente del importe indicado haciendo clic en &quot;Donar&quot; a continuaci\u00f3n.\" \/>\n<meta property=\"og:url\" content=\"https:\/\/naturtherapies.com\/es\/product\/viajes-de-sanacion-y-curacion-intuitivos-y-personalizados\/\" \/>\n<meta property=\"og:site_name\" content=\"Naturtherapies\" \/>\n<meta property=\"article:publisher\" content=\"https:\/\/www.facebook.com\/people\/Jos-D-Figueroa-Garcia-Estonia\/100081915895475\/\" \/>\n<meta property=\"og:image\" content=\"https:\/\/naturtherapies.com\/wp-content\/uploads\/2020\/04\/DRAGON-copia.jpg\" \/>\n\t<meta property=\"og:image:width\" content=\"859\" \/>\n\t<meta property=\"og:image:height\" content=\"859\" \/>\n\t<meta property=\"og:image:type\" content=\"image\/jpeg\" \/>\n<meta name=\"twitter:card\" content=\"summary_large_image\" \/>\n<script type=\"application\/ld+json\" class=\"yoast-schema-graph\">{\"@context\":\"https:\/\/schema.org\",\"@graph\":[{\"@type\":\"WebPage\",\"@id\":\"https:\/\/naturtherapies.com\/es\/product\/viajes-de-sanacion-y-curacion-intuitivos-y-personalizados\/\",\"url\":\"https:\/\/naturtherapies.com\/es\/product\/viajes-de-sanacion-y-curacion-intuitivos-y-personalizados\/\",\"name\":\"Viajes de sanaci\u00f3n y curaci\u00f3n intuitivos y personalizados. - Naturtherapies\",\"isPartOf\":{\"@id\":\"https:\/\/naturtherapies.com\/es\/#website\"},\"primaryImageOfPage\":{\"@id\":\"https:\/\/naturtherapies.com\/es\/product\/viajes-de-sanacion-y-curacion-intuitivos-y-personalizados\/#primaryimage\"},\"image\":{\"@id\":\"https:\/\/naturtherapies.com\/es\/product\/viajes-de-sanacion-y-curacion-intuitivos-y-personalizados\/#primaryimage\"},\"thumbnailUrl\":\"https:\/\/naturtherapies.com\/wp-content\/uploads\/2020\/04\/DRAGON-copia.jpg\",\"datePublished\":\"2020-04-18T17:19:56+00:00\",\"breadcrumb\":{\"@id\":\"https:\/\/naturtherapies.com\/es\/product\/viajes-de-sanacion-y-curacion-intuitivos-y-personalizados\/#breadcrumb\"},\"inLanguage\":\"es\",\"potentialAction\":[{\"@type\":\"ReadAction\",\"target\":[\"https:\/\/naturtherapies.com\/es\/product\/viajes-de-sanacion-y-curacion-intuitivos-y-personalizados\/\"]}]},{\"@type\":\"ImageObject\",\"inLanguage\":\"es\",\"@id\":\"https:\/\/naturtherapies.com\/es\/product\/viajes-de-sanacion-y-curacion-intuitivos-y-personalizados\/#primaryimage\",\"url\":\"https:\/\/naturtherapies.com\/wp-content\/uploads\/2020\/04\/DRAGON-copia.jpg\",\"contentUrl\":\"https:\/\/naturtherapies.com\/wp-content\/uploads\/2020\/04\/DRAGON-copia.jpg\",\"width\":859,\"height\":859},{\"@type\":\"BreadcrumbList\",\"@id\":\"https:\/\/naturtherapies.com\/es\/product\/viajes-de-sanacion-y-curacion-intuitivos-y-personalizados\/#breadcrumb\",\"itemListElement\":[{\"@type\":\"ListItem\",\"position\":1,\"name\":\"Portada\",\"item\":\"https:\/\/naturtherapies.com\/es\/inicio\/\"},{\"@type\":\"ListItem\",\"position\":2,\"name\":\"Tienda\",\"item\":\"https:\/\/naturtherapies.com\/es\/tienda\/\"},{\"@type\":\"ListItem\",\"position\":3,\"name\":\"Viajes de sanaci\u00f3n y curaci\u00f3n intuitivos y personalizados.\"}]},{\"@type\":\"WebSite\",\"@id\":\"https:\/\/naturtherapies.com\/es\/#website\",\"url\":\"https:\/\/naturtherapies.com\/es\/\",\"name\":\"NATURTHERAPIES\",\"description\":\"\",\"potentialAction\":[{\"@type\":\"SearchAction\",\"target\":{\"@type\":\"EntryPoint\",\"urlTemplate\":\"https:\/\/naturtherapies.com\/es\/?s={search_term_string}\"},\"query-input\":{\"@type\":\"PropertyValueSpecification\",\"valueRequired\":true,\"valueName\":\"search_term_string\"}}],\"inLanguage\":\"es\"}]}<\/script>\n<!-- \/ Yoast SEO plugin. -->","yoast_head_json":{"title":"Viajes de sanaci\u00f3n y curaci\u00f3n intuitivos y personalizados. - Naturtherapies","robots":{"index":"index","follow":"follow","max-snippet":"max-snippet:-1","max-image-preview":"max-image-preview:large","max-video-preview":"max-video-preview:-1"},"canonical":"https:\/\/naturtherapies.com\/es\/product\/viajes-de-sanacion-y-curacion-intuitivos-y-personalizados\/","og_locale":"es_ES","og_type":"article","og_title":"Viajes de sanaci\u00f3n y curaci\u00f3n intuitivos y personalizados. - Naturtherapies","og_description":"El precio se indica a petici\u00f3n. El coste de la terapia var\u00eda seg\u00fan la ubicaci\u00f3n y el m\u00e9todo (en l\u00ednea o en persona). Para obtener un presupuesto y para obtener m\u00e1s informaci\u00f3n y realizar reservas, p\u00f3ngase en contacto con nosotros directamente en: info@naturtherapies.com Mensajer\u00eda SMS\/WhatsApp al +34689383232 Despu\u00e9s de recibir el presupuesto, haga una donaci\u00f3n consciente del importe indicado haciendo clic en \"Donar\" a continuaci\u00f3n.","og_url":"https:\/\/naturtherapies.com\/es\/product\/viajes-de-sanacion-y-curacion-intuitivos-y-personalizados\/","og_site_name":"Naturtherapies","article_publisher":"https:\/\/www.facebook.com\/people\/Jos-D-Figueroa-Garcia-Estonia\/100081915895475\/","og_image":[{"width":859,"height":859,"url":"https:\/\/naturtherapies.com\/wp-content\/uploads\/2020\/04\/DRAGON-copia.jpg","type":"image\/jpeg"}],"twitter_card":"summary_large_image","schema":{"@context":"https:\/\/schema.org","@graph":[{"@type":"WebPage","@id":"https:\/\/naturtherapies.com\/es\/product\/viajes-de-sanacion-y-curacion-intuitivos-y-personalizados\/","url":"https:\/\/naturtherapies.com\/es\/product\/viajes-de-sanacion-y-curacion-intuitivos-y-personalizados\/","name":"Viajes de sanaci\u00f3n y curaci\u00f3n intuitivos y personalizados. - Naturtherapies","isPartOf":{"@id":"https:\/\/naturtherapies.com\/es\/#website"},"primaryImageOfPage":{"@id":"https:\/\/naturtherapies.com\/es\/product\/viajes-de-sanacion-y-curacion-intuitivos-y-personalizados\/#primaryimage"},"image":{"@id":"https:\/\/naturtherapies.com\/es\/product\/viajes-de-sanacion-y-curacion-intuitivos-y-personalizados\/#primaryimage"},"thumbnailUrl":"https:\/\/naturtherapies.com\/wp-content\/uploads\/2020\/04\/DRAGON-copia.jpg","datePublished":"2020-04-18T17:19:56+00:00","breadcrumb":{"@id":"https:\/\/naturtherapies.com\/es\/product\/viajes-de-sanacion-y-curacion-intuitivos-y-personalizados\/#breadcrumb"},"inLanguage":"es","potentialAction":[{"@type":"ReadAction","target":["https:\/\/naturtherapies.com\/es\/product\/viajes-de-sanacion-y-curacion-intuitivos-y-personalizados\/"]}]},{"@type":"ImageObject","inLanguage":"es","@id":"https:\/\/naturtherapies.com\/es\/product\/viajes-de-sanacion-y-curacion-intuitivos-y-personalizados\/#primaryimage","url":"https:\/\/naturtherapies.com\/wp-content\/uploads\/2020\/04\/DRAGON-copia.jpg","contentUrl":"https:\/\/naturtherapies.com\/wp-content\/uploads\/2020\/04\/DRAGON-copia.jpg","width":859,"height":859},{"@type":"BreadcrumbList","@id":"https:\/\/naturtherapies.com\/es\/product\/viajes-de-sanacion-y-curacion-intuitivos-y-personalizados\/#breadcrumb","itemListElement":[{"@type":"ListItem","position":1,"name":"Portada","item":"https:\/\/naturtherapies.com\/es\/inicio\/"},{"@type":"ListItem","position":2,"name":"Tienda","item":"https:\/\/naturtherapies.com\/es\/tienda\/"},{"@type":"ListItem","position":3,"name":"Viajes de sanaci\u00f3n y curaci\u00f3n intuitivos y personalizados."}]},{"@type":"WebSite","@id":"https:\/\/naturtherapies.com\/es\/#website","url":"https:\/\/naturtherapies.com\/es\/","name":"NATURTHERAPIES","description":"","potentialAction":[{"@type":"SearchAction","target":{"@type":"EntryPoint","urlTemplate":"https:\/\/naturtherapies.com\/es\/?s={search_term_string}"},"query-input":{"@type":"PropertyValueSpecification","valueRequired":true,"valueName":"search_term_string"}}],"inLanguage":"es"}]}},"_links":{"self":[{"href":"https:\/\/naturtherapies.com\/es\/wp-json\/wp\/v2\/product\/2028","targetHints":{"allow":["GET"]}}],"collection":[{"href":"https:\/\/naturtherapies.com\/es\/wp-json\/wp\/v2\/product"}],"about":[{"href":"https:\/\/naturtherapies.com\/es\/wp-json\/wp\/v2\/types\/product"}],"wp:featuredmedia":[{"embeddable":true,"href":"https:\/\/naturtherapies.com\/es\/wp-json\/wp\/v2\/media\/1872"}],"wp:attachment":[{"href":"https:\/\/naturtherapies.com\/es\/wp-json\/wp\/v2\/media?parent=2028"}],"wp:term":[{"taxonomy":"product_brand","embeddable":true,"href":"https:\/\/naturtherapies.com\/es\/wp-json\/wp\/v2\/product_brand?post=2028"},{"taxonomy":"product_cat","embeddable":true,"href":"https:\/\/naturtherapies.com\/es\/wp-json\/wp\/v2\/product_cat?post=2028"},{"taxonomy":"product_tag","embeddable":true,"href":"https:\/\/naturtherapies.com\/es\/wp-json\/wp\/v2\/product_tag?post=2028"}],"curies":[{"name":"wp","href":"https:\/\/api.w.org\/{rel}","templated":true}]}}