{"id":2032,"date":"2020-04-07T17:48:03","date_gmt":"2020-04-07T14:48:03","guid":{"rendered":"https:\/\/naturtherapies.com\/producto\/comprar-modulo-3-enfermedades-cronicas"},"modified":"2020-04-07T17:48:03","modified_gmt":"2020-04-07T14:48:03","slug":"comprar-modulo-3-enfermedades-cronicas","status":"publish","type":"product","link":"https:\/\/naturtherapies.com\/es\/product\/comprar-modulo-3-enfermedades-cronicas\/","title":{"rendered":"COMPRAR M\u00f3dulo 3: Enfermedades cr\u00f3nicas."},"content":{"rendered":"<p>El taller est\u00e1 disponible \u00fanicamente para estudiantes que hayan completado los dos m\u00f3dulos anteriores (4 talleres) del curso Lecciones del Alma y Flores de Bach. Obtendr\u00e1s todos los conocimientos, habilidades y herramientas necesarias para ser un coach del alma y terapeuta de flores de Bach cualificado. Este m\u00f3dulo trata en profundidad las causas y patrones asociados a diferentes enfermedades cr\u00f3nicas y dolores. Aprender\u00e1s a preparar cremas y ung\u00fcentos para su tratamiento con el fin de paliar estas afecciones y el sufrimiento que provocan. Entre muchos otros temas, tambi\u00e9n descubrir\u00e1s los arquetipos mentales y emocionales detr\u00e1s de la enfermedad de Alzheimer, la incontinencia urinaria\/infecciones, la infertilidad, la impotencia, la diabetes, la narcolepsia, la artritis, la sordera, el tinnitus, las erupciones cut\u00e1neas y mucho, mucho m\u00e1s. El curso \u201cLecciones del Alma\u201d est\u00e1 dirigido por Jos\u00e9 D. Figueroa Garc\u00eda, mentor transpersonal, coach del alma, maestro de Reiki, sanador de voz, especialista en flores de Bach y educador.     <\/p>\n","protected":false},"excerpt":{"rendered":"<p>El taller est\u00e1 disponible \u00fanicamente para estudiantes que hayan completado dos m\u00f3dulos previos (4 talleres) del curso Lecciones del Alma y Flores de Bach. Obtendr\u00e1s todos los conocimientos, habilidades y herramientas necesarias para ser un coach del alma y terapeuta de flores de Bach calificado. <\/p>\n","protected":false},"featured_media":3011,"template":"","meta":{"give_campaign_id":0,"_joinchat":[]},"product_brand":[],"product_cat":[93],"product_tag":[],"class_list":{"0":"post-2032","1":"product","2":"type-product","3":"status-publish","4":"has-post-thumbnail","6":"product_cat-lecciones-del-alma","8":"first","9":"instock","10":"virtual","11":"purchasable","12":"product-type-simple"},"yoast_head":"<!-- This site is optimized with the Yoast SEO plugin v26.9 - https:\/\/yoast.com\/product\/yoast-seo-wordpress\/ -->\n<title>COMPRAR M\u00f3dulo 3: Enfermedades cr\u00f3nicas. - Naturtherapies<\/title>\n<meta name=\"robots\" content=\"index, follow, max-snippet:-1, max-image-preview:large, max-video-preview:-1\" \/>\n<link rel=\"canonical\" href=\"https:\/\/naturtherapies.com\/es\/product\/comprar-modulo-3-enfermedades-cronicas\/\" \/>\n<meta property=\"og:locale\" content=\"es_ES\" \/>\n<meta property=\"og:type\" content=\"article\" \/>\n<meta property=\"og:title\" content=\"COMPRAR M\u00f3dulo 3: Enfermedades cr\u00f3nicas. - Naturtherapies\" \/>\n<meta property=\"og:description\" content=\"El taller est\u00e1 disponible \u00fanicamente para estudiantes que hayan completado dos m\u00f3dulos previos (4 talleres) del curso Lecciones del Alma y Flores de Bach. Obtendr\u00e1s todos los conocimientos, habilidades y herramientas necesarias para ser un coach del alma y terapeuta de flores de Bach calificado.\" \/>\n<meta property=\"og:url\" content=\"https:\/\/naturtherapies.com\/es\/product\/comprar-modulo-3-enfermedades-cronicas\/\" \/>\n<meta property=\"og:site_name\" content=\"Naturtherapies\" \/>\n<meta property=\"article:publisher\" content=\"https:\/\/www.facebook.com\/people\/Jos-D-Figueroa-Garcia-Estonia\/100081915895475\/\" \/>\n<meta property=\"og:image\" content=\"https:\/\/naturtherapies.com\/wp-content\/uploads\/2020\/05\/IMG_8776.jpeg\" \/>\n\t<meta property=\"og:image:width\" content=\"1920\" \/>\n\t<meta property=\"og:image:height\" content=\"1080\" \/>\n\t<meta property=\"og:image:type\" content=\"image\/jpeg\" \/>\n<meta name=\"twitter:card\" content=\"summary_large_image\" \/>\n<meta name=\"twitter:label1\" content=\"Tiempo de lectura\" \/>\n\t<meta name=\"twitter:data1\" content=\"1 minuto\" \/>\n<script type=\"application\/ld+json\" class=\"yoast-schema-graph\">{\"@context\":\"https:\/\/schema.org\",\"@graph\":[{\"@type\":\"WebPage\",\"@id\":\"https:\/\/naturtherapies.com\/es\/product\/comprar-modulo-3-enfermedades-cronicas\/\",\"url\":\"https:\/\/naturtherapies.com\/es\/product\/comprar-modulo-3-enfermedades-cronicas\/\",\"name\":\"COMPRAR M\u00f3dulo 3: Enfermedades cr\u00f3nicas. - Naturtherapies\",\"isPartOf\":{\"@id\":\"https:\/\/naturtherapies.com\/es\/#website\"},\"primaryImageOfPage\":{\"@id\":\"https:\/\/naturtherapies.com\/es\/product\/comprar-modulo-3-enfermedades-cronicas\/#primaryimage\"},\"image\":{\"@id\":\"https:\/\/naturtherapies.com\/es\/product\/comprar-modulo-3-enfermedades-cronicas\/#primaryimage\"},\"thumbnailUrl\":\"https:\/\/naturtherapies.com\/wp-content\/uploads\/2026\/01\/sle-3a-es.jpg\",\"datePublished\":\"2020-04-07T14:48:03+00:00\",\"breadcrumb\":{\"@id\":\"https:\/\/naturtherapies.com\/es\/product\/comprar-modulo-3-enfermedades-cronicas\/#breadcrumb\"},\"inLanguage\":\"es\",\"potentialAction\":[{\"@type\":\"ReadAction\",\"target\":[\"https:\/\/naturtherapies.com\/es\/product\/comprar-modulo-3-enfermedades-cronicas\/\"]}]},{\"@type\":\"ImageObject\",\"inLanguage\":\"es\",\"@id\":\"https:\/\/naturtherapies.com\/es\/product\/comprar-modulo-3-enfermedades-cronicas\/#primaryimage\",\"url\":\"https:\/\/naturtherapies.com\/wp-content\/uploads\/2026\/01\/sle-3a-es.jpg\",\"contentUrl\":\"https:\/\/naturtherapies.com\/wp-content\/uploads\/2026\/01\/sle-3a-es.jpg\",\"width\":720,\"height\":480},{\"@type\":\"BreadcrumbList\",\"@id\":\"https:\/\/naturtherapies.com\/es\/product\/comprar-modulo-3-enfermedades-cronicas\/#breadcrumb\",\"itemListElement\":[{\"@type\":\"ListItem\",\"position\":1,\"name\":\"Portada\",\"item\":\"https:\/\/naturtherapies.com\/es\/inicio\/\"},{\"@type\":\"ListItem\",\"position\":2,\"name\":\"Tienda\",\"item\":\"https:\/\/naturtherapies.com\/es\/tienda\/\"},{\"@type\":\"ListItem\",\"position\":3,\"name\":\"COMPRAR M\u00f3dulo 3: Enfermedades cr\u00f3nicas.\"}]},{\"@type\":\"WebSite\",\"@id\":\"https:\/\/naturtherapies.com\/es\/#website\",\"url\":\"https:\/\/naturtherapies.com\/es\/\",\"name\":\"NATURTHERAPIES\",\"description\":\"\",\"potentialAction\":[{\"@type\":\"SearchAction\",\"target\":{\"@type\":\"EntryPoint\",\"urlTemplate\":\"https:\/\/naturtherapies.com\/es\/?s={search_term_string}\"},\"query-input\":{\"@type\":\"PropertyValueSpecification\",\"valueRequired\":true,\"valueName\":\"search_term_string\"}}],\"inLanguage\":\"es\"}]}<\/script>\n<!-- \/ Yoast SEO plugin. -->","yoast_head_json":{"title":"COMPRAR M\u00f3dulo 3: Enfermedades cr\u00f3nicas. - Naturtherapies","robots":{"index":"index","follow":"follow","max-snippet":"max-snippet:-1","max-image-preview":"max-image-preview:large","max-video-preview":"max-video-preview:-1"},"canonical":"https:\/\/naturtherapies.com\/es\/product\/comprar-modulo-3-enfermedades-cronicas\/","og_locale":"es_ES","og_type":"article","og_title":"COMPRAR M\u00f3dulo 3: Enfermedades cr\u00f3nicas. - Naturtherapies","og_description":"El taller est\u00e1 disponible \u00fanicamente para estudiantes que hayan completado dos m\u00f3dulos previos (4 talleres) del curso Lecciones del Alma y Flores de Bach. Obtendr\u00e1s todos los conocimientos, habilidades y herramientas necesarias para ser un coach del alma y terapeuta de flores de Bach calificado.","og_url":"https:\/\/naturtherapies.com\/es\/product\/comprar-modulo-3-enfermedades-cronicas\/","og_site_name":"Naturtherapies","article_publisher":"https:\/\/www.facebook.com\/people\/Jos-D-Figueroa-Garcia-Estonia\/100081915895475\/","og_image":[{"width":1920,"height":1080,"url":"https:\/\/naturtherapies.com\/wp-content\/uploads\/2020\/05\/IMG_8776.jpeg","type":"image\/jpeg"}],"twitter_card":"summary_large_image","twitter_misc":{"Tiempo de lectura":"1 minuto"},"schema":{"@context":"https:\/\/schema.org","@graph":[{"@type":"WebPage","@id":"https:\/\/naturtherapies.com\/es\/product\/comprar-modulo-3-enfermedades-cronicas\/","url":"https:\/\/naturtherapies.com\/es\/product\/comprar-modulo-3-enfermedades-cronicas\/","name":"COMPRAR M\u00f3dulo 3: Enfermedades cr\u00f3nicas. - Naturtherapies","isPartOf":{"@id":"https:\/\/naturtherapies.com\/es\/#website"},"primaryImageOfPage":{"@id":"https:\/\/naturtherapies.com\/es\/product\/comprar-modulo-3-enfermedades-cronicas\/#primaryimage"},"image":{"@id":"https:\/\/naturtherapies.com\/es\/product\/comprar-modulo-3-enfermedades-cronicas\/#primaryimage"},"thumbnailUrl":"https:\/\/naturtherapies.com\/wp-content\/uploads\/2026\/01\/sle-3a-es.jpg","datePublished":"2020-04-07T14:48:03+00:00","breadcrumb":{"@id":"https:\/\/naturtherapies.com\/es\/product\/comprar-modulo-3-enfermedades-cronicas\/#breadcrumb"},"inLanguage":"es","potentialAction":[{"@type":"ReadAction","target":["https:\/\/naturtherapies.com\/es\/product\/comprar-modulo-3-enfermedades-cronicas\/"]}]},{"@type":"ImageObject","inLanguage":"es","@id":"https:\/\/naturtherapies.com\/es\/product\/comprar-modulo-3-enfermedades-cronicas\/#primaryimage","url":"https:\/\/naturtherapies.com\/wp-content\/uploads\/2026\/01\/sle-3a-es.jpg","contentUrl":"https:\/\/naturtherapies.com\/wp-content\/uploads\/2026\/01\/sle-3a-es.jpg","width":720,"height":480},{"@type":"BreadcrumbList","@id":"https:\/\/naturtherapies.com\/es\/product\/comprar-modulo-3-enfermedades-cronicas\/#breadcrumb","itemListElement":[{"@type":"ListItem","position":1,"name":"Portada","item":"https:\/\/naturtherapies.com\/es\/inicio\/"},{"@type":"ListItem","position":2,"name":"Tienda","item":"https:\/\/naturtherapies.com\/es\/tienda\/"},{"@type":"ListItem","position":3,"name":"COMPRAR M\u00f3dulo 3: Enfermedades cr\u00f3nicas."}]},{"@type":"WebSite","@id":"https:\/\/naturtherapies.com\/es\/#website","url":"https:\/\/naturtherapies.com\/es\/","name":"NATURTHERAPIES","description":"","potentialAction":[{"@type":"SearchAction","target":{"@type":"EntryPoint","urlTemplate":"https:\/\/naturtherapies.com\/es\/?s={search_term_string}"},"query-input":{"@type":"PropertyValueSpecification","valueRequired":true,"valueName":"search_term_string"}}],"inLanguage":"es"}]}},"_links":{"self":[{"href":"https:\/\/naturtherapies.com\/es\/wp-json\/wp\/v2\/product\/2032","targetHints":{"allow":["GET"]}}],"collection":[{"href":"https:\/\/naturtherapies.com\/es\/wp-json\/wp\/v2\/product"}],"about":[{"href":"https:\/\/naturtherapies.com\/es\/wp-json\/wp\/v2\/types\/product"}],"wp:featuredmedia":[{"embeddable":true,"href":"https:\/\/naturtherapies.com\/es\/wp-json\/wp\/v2\/media\/3011"}],"wp:attachment":[{"href":"https:\/\/naturtherapies.com\/es\/wp-json\/wp\/v2\/media?parent=2032"}],"wp:term":[{"taxonomy":"product_brand","embeddable":true,"href":"https:\/\/naturtherapies.com\/es\/wp-json\/wp\/v2\/product_brand?post=2032"},{"taxonomy":"product_cat","embeddable":true,"href":"https:\/\/naturtherapies.com\/es\/wp-json\/wp\/v2\/product_cat?post=2032"},{"taxonomy":"product_tag","embeddable":true,"href":"https:\/\/naturtherapies.com\/es\/wp-json\/wp\/v2\/product_tag?post=2032"}],"curies":[{"name":"wp","href":"https:\/\/api.w.org\/{rel}","templated":true}]}}